{"id":507,"date":"2016-06-13T14:52:47","date_gmt":"2016-06-13T14:52:47","guid":{"rendered":"http:\/\/mah.ro\/hun\/?page_id=507"},"modified":"2016-07-20T10:14:08","modified_gmt":"2016-07-20T10:14:08","slug":"traktorok","status":"publish","type":"page","link":"https:\/\/mah.ro\/hun\/traktorok\/","title":{"rendered":"Traktorok"},"content":{"rendered":"<div class=\"spaced bg-white\">\n<p><iframe loading=\"lazy\" class=\"aligncenter\" src=\"https:\/\/www.youtube.com\/embed\/hE7XuTAVbGg?rel=0&amp;autoplay=1\" width=\"853\" height=\"480\" frameborder=\"0\" allowfullscreen=\"allowfullscreen\"><\/iframe><\/p>\n<div class=\"section group\">\n<div class=\"col span_6_of_12\">\n<p>A partnereinkkel egy\u00fctt\u00a0 nagy tapasztalattal rendelkez\u00fcnk, mez\u0151gazdas\u00e1gi traktorok gy\u00e1rt\u00e1s\u00e1ban \u00e9s eloszt\u00e1s\u00e1ban. Biztons\u00e1gos magas szint\u0171 elad\u00e1st, jav\u00edt\u00e1st \u00e9s ellen\u0151rz\u00e9st, cserealkatr\u00e9sz forgalmaz\u00e1st, biztons\u00e1gos min\u0151s\u00e9g\u0171 term\u00e9ket aj\u00e1nl.<\/p>\n<p>Diz\u00e1jnos \u00faj\u00edt\u00e1sok megold\u00e1s\u00e1n\u00e1l, ide\u00e1lis motor v\u00e1laszt\u00e1s\u00e1n\u00e1l \u00e9s a hajt\u00e1sl\u00e1ncn\u00e1l t\u00f6k\u00e9letes eredm\u00e9nyeket \u00e9rnek el minden t\u00edpus\u00fa ken\u0151anyaggal.<\/p>\n<pre><span lang=\"EN-CA\" style=\"font-size: 12.0pt; font-family: 'Times New Roman','serif';\">A j\u00f3l ismert PERKINS, LOMBARDINI \u00e9s YANMAR motorok m\u00e1r elnyert\u00e9k a fogyasztok bizalm\u00e1t.<\/span><\/pre>\n<\/div>\n<div class=\"col span_6_of_12\">\n<p>Ez a sz\u00e9ria traktorokn\u00e1l az el\u0151ny, hogy az alapcsomagban van orrs\u00faly, tet\u0151ablak, be\u00e9p\u00edtett f\u00e9nysz\u00f3r\u00f3k a tet\u0151ben (el\u0151l, h\u00e1tul), dupla hidraulika, forg\u00f3v\u00e9szjelz\u0151 \u00e9s egyebek.Opcion\u00e1lisan l\u00e9gkond\u00edci\u00f3, els\u0151 rakod\u00f3, er\u0151 \u00e1tvitel, m\u00e1s gumiabroncsok, ellens\u00faly, els\u0151 felfogat\u00f3, gyors csatlakoz\u00f3 \u00e9s egyebek.<\/p>\n<p>P\u00e1ratlan \u00e1ron aj\u00e1nlj\u00e1k ezt a sz\u00e9riatraktort 20%-kal alacsonyabb \u00e1ron mint a hasonl\u00f3 kateg\u00f3ri\u00e1j\u00fa traktorokat m\u00e1s gy\u00e1rt\u00f3kt\u00f3l.<\/p>\n<\/div>\n<\/div>\n<div class=\"section group\">\n<div class=\"col span_6_of_12\"><img loading=\"lazy\" decoding=\"async\" class=\"alignnone size-full wp-image-25\" src=\"http:\/\/mah.ro\/hun\/wp-content\/uploads\/tractoare.png\" alt=\"tractoare\" width=\"520\" height=\"348\" srcset=\"https:\/\/mah.ro\/hun\/wp-content\/uploads\/tractoare.png 520w, https:\/\/mah.ro\/hun\/wp-content\/uploads\/tractoare-300x201.png 300w\" sizes=\"auto, (max-width: 520px) 100vw, 520px\" \/><\/div>\n<div class=\"col span_6_of_12\">\n<h2>HASZN\u00c1LHAT\u00d3<\/h2>\n<p>Az \u00faj sz\u00e9ria traktorok haszn\u00e1lhat\u00f3ak a:<\/p>\n<ul>\n<li>GY\u00dcM\u00d6LCS\u00d6S<\/li>\n<li>SZ\u0150LL\u0150S<\/li>\n<li>minden t\u00edpus\u00fa termel\u0151 FARMOK<\/li>\n<li>TEV\u00c9KENYS\u00c9GEK A V\u00c1ROSI \u00c9S MEGYEI T\u00c9REN ( fuvaroz\u00e1s, z\u00f6ld\u00f6vezetek karbantart\u00e1sa, utak karbantart\u00e1sa, \u00e9p\u00edtkez\u00e9si munk\u00e1latok \u00e9s stb.)<\/li>\n<li>SZ\u00c1LL\u00cdT\u00c1S (ut\u00e1nfut\u00f3val)<\/li>\n<li>ERD\u0150KITERMEL\u00c9S<\/li>\n<li>\u00c9P\u00cdTKEZ\u00c9S (\u00e1s\u00e1s, rombol\u00e1s, sz\u00e1ll\u00edt\u00e1s \u00e9s egyebek).<\/li>\n<\/ul>\n<\/div>\n<\/div>\n<\/div>\n","protected":false},"excerpt":{"rendered":"<p>A folytonos n\u00f6vekv\u0151 kis \u00e9s k\u00f6zepes erej\u0171 traktorok k\u00e9r\u00e9s\u00e9nek kiel\u00e9g\u00edt\u00e9s\u00e9re a  MACOS &#038; HALL KFT az \u00f6n\u00f6k sz\u00e1m\u00e1ra aj\u00e1nl kis- \u00e9s k\u00f6zepes traktorokat   35 LE \u00e9s 148 LE k\u00f6z\u00f6tti teljes\u00edtm\u00e9nnyel.<\/p>\n","protected":false},"author":1,"featured_media":141,"parent":0,"menu_order":0,"comment_status":"closed","ping_status":"closed","template":"","meta":{"footnotes":""},"class_list":["post-507","page","type-page","status-publish","has-post-thumbnail","hentry"],"yoast_head":"<!-- This site is optimized with the Yoast SEO plugin v27.5 - https:\/\/yoast.com\/product\/yoast-seo-wordpress\/ -->\n<title>Traktorok - MACOS &amp; HALL<\/title>\n<meta name=\"robots\" content=\"index, follow, max-snippet:-1, max-image-preview:large, max-video-preview:-1\" \/>\n<link rel=\"canonical\" href=\"https:\/\/mah.ro\/hun\/traktorok\/\" \/>\n<meta property=\"og:locale\" content=\"ro_RO\" \/>\n<meta property=\"og:type\" content=\"article\" \/>\n<meta property=\"og:title\" content=\"Traktorok - MACOS &amp; HALL\" \/>\n<meta property=\"og:description\" content=\"A folytonos n\u00f6vekv\u0151 kis \u00e9s k\u00f6zepes erej\u0171 traktorok k\u00e9r\u00e9s\u00e9nek kiel\u00e9g\u00edt\u00e9s\u00e9re a MACOS &amp; HALL KFT az \u00f6n\u00f6k sz\u00e1m\u00e1ra aj\u00e1nl kis- \u00e9s k\u00f6zepes traktorokat  35 LE \u00e9s 148 LE k\u00f6z\u00f6tti teljes\u00edtm\u00e9nnyel.\" \/>\n<meta property=\"og:url\" content=\"https:\/\/mah.ro\/hun\/traktorok\/\" \/>\n<meta property=\"og:site_name\" content=\"MACOS &amp; HALL\" \/>\n<meta property=\"article:modified_time\" content=\"2016-07-20T10:14:08+00:00\" \/>\n<meta property=\"og:image\" content=\"https:\/\/mah.ro\/hun\/wp-content\/uploads\/Produse-Ursus.jpg\" \/>\n\t<meta property=\"og:image:width\" content=\"1600\" \/>\n\t<meta property=\"og:image:height\" content=\"400\" \/>\n\t<meta property=\"og:image:type\" content=\"image\/jpeg\" \/>\n<meta name=\"twitter:card\" content=\"summary_large_image\" \/>\n<meta name=\"twitter:label1\" content=\"Timp estimat pentru citire\" \/>\n\t<meta name=\"twitter:data1\" content=\"1 minut\" \/>\n<script type=\"application\/ld+json\" class=\"yoast-schema-graph\">{\"@context\":\"https:\\\/\\\/schema.org\",\"@graph\":[{\"@type\":\"WebPage\",\"@id\":\"https:\\\/\\\/mah.ro\\\/hun\\\/traktorok\\\/\",\"url\":\"https:\\\/\\\/mah.ro\\\/hun\\\/traktorok\\\/\",\"name\":\"Traktorok - MACOS &amp; HALL\",\"isPartOf\":{\"@id\":\"https:\\\/\\\/mah.ro\\\/hun\\\/#website\"},\"primaryImageOfPage\":{\"@id\":\"https:\\\/\\\/mah.ro\\\/hun\\\/traktorok\\\/#primaryimage\"},\"image\":{\"@id\":\"https:\\\/\\\/mah.ro\\\/hun\\\/traktorok\\\/#primaryimage\"},\"thumbnailUrl\":\"https:\\\/\\\/mah.ro\\\/hun\\\/wp-content\\\/uploads\\\/Produse-Ursus.jpg\",\"datePublished\":\"2016-06-13T14:52:47+00:00\",\"dateModified\":\"2016-07-20T10:14:08+00:00\",\"breadcrumb\":{\"@id\":\"https:\\\/\\\/mah.ro\\\/hun\\\/traktorok\\\/#breadcrumb\"},\"inLanguage\":\"ro-RO\",\"potentialAction\":[{\"@type\":\"ReadAction\",\"target\":[\"https:\\\/\\\/mah.ro\\\/hun\\\/traktorok\\\/\"]}]},{\"@type\":\"ImageObject\",\"inLanguage\":\"ro-RO\",\"@id\":\"https:\\\/\\\/mah.ro\\\/hun\\\/traktorok\\\/#primaryimage\",\"url\":\"https:\\\/\\\/mah.ro\\\/hun\\\/wp-content\\\/uploads\\\/Produse-Ursus.jpg\",\"contentUrl\":\"https:\\\/\\\/mah.ro\\\/hun\\\/wp-content\\\/uploads\\\/Produse-Ursus.jpg\",\"width\":1600,\"height\":400},{\"@type\":\"BreadcrumbList\",\"@id\":\"https:\\\/\\\/mah.ro\\\/hun\\\/traktorok\\\/#breadcrumb\",\"itemListElement\":[{\"@type\":\"ListItem\",\"position\":1,\"name\":\"Home\",\"item\":\"https:\\\/\\\/mah.ro\\\/hun\\\/\"},{\"@type\":\"ListItem\",\"position\":2,\"name\":\"Traktorok\"}]},{\"@type\":\"WebSite\",\"@id\":\"https:\\\/\\\/mah.ro\\\/hun\\\/#website\",\"url\":\"https:\\\/\\\/mah.ro\\\/hun\\\/\",\"name\":\"MACOS &amp; HALL\",\"description\":\"Mez\u0151gazdas\u00e1gi g\u00e9pek nemzetk\u00f6zi forgalmaz\u00f3ja.\",\"publisher\":{\"@id\":\"https:\\\/\\\/mah.ro\\\/hun\\\/#organization\"},\"potentialAction\":[{\"@type\":\"SearchAction\",\"target\":{\"@type\":\"EntryPoint\",\"urlTemplate\":\"https:\\\/\\\/mah.ro\\\/hun\\\/?s={search_term_string}\"},\"query-input\":{\"@type\":\"PropertyValueSpecification\",\"valueRequired\":true,\"valueName\":\"search_term_string\"}}],\"inLanguage\":\"ro-RO\"},{\"@type\":\"Organization\",\"@id\":\"https:\\\/\\\/mah.ro\\\/hun\\\/#organization\",\"name\":\"MACOS & HALL\",\"url\":\"https:\\\/\\\/mah.ro\\\/hun\\\/\",\"logo\":{\"@type\":\"ImageObject\",\"inLanguage\":\"ro-RO\",\"@id\":\"https:\\\/\\\/mah.ro\\\/hun\\\/#\\\/schema\\\/logo\\\/image\\\/\",\"url\":\"https:\\\/\\\/mah.ro\\\/hun\\\/wp-content\\\/uploads\\\/sigla-RED-Macos-Hall.jpg\",\"contentUrl\":\"https:\\\/\\\/mah.ro\\\/hun\\\/wp-content\\\/uploads\\\/sigla-RED-Macos-Hall.jpg\",\"width\":1128,\"height\":178,\"caption\":\"MACOS & HALL\"},\"image\":{\"@id\":\"https:\\\/\\\/mah.ro\\\/hun\\\/#\\\/schema\\\/logo\\\/image\\\/\"}}]}<\/script>\n<!-- \/ Yoast SEO plugin. -->","yoast_head_json":{"title":"Traktorok - MACOS &amp; HALL","robots":{"index":"index","follow":"follow","max-snippet":"max-snippet:-1","max-image-preview":"max-image-preview:large","max-video-preview":"max-video-preview:-1"},"canonical":"https:\/\/mah.ro\/hun\/traktorok\/","og_locale":"ro_RO","og_type":"article","og_title":"Traktorok - MACOS &amp; HALL","og_description":"A folytonos n\u00f6vekv\u0151 kis \u00e9s k\u00f6zepes erej\u0171 traktorok k\u00e9r\u00e9s\u00e9nek kiel\u00e9g\u00edt\u00e9s\u00e9re a MACOS & HALL KFT az \u00f6n\u00f6k sz\u00e1m\u00e1ra aj\u00e1nl kis- \u00e9s k\u00f6zepes traktorokat  35 LE \u00e9s 148 LE k\u00f6z\u00f6tti teljes\u00edtm\u00e9nnyel.","og_url":"https:\/\/mah.ro\/hun\/traktorok\/","og_site_name":"MACOS &amp; HALL","article_modified_time":"2016-07-20T10:14:08+00:00","og_image":[{"width":1600,"height":400,"url":"https:\/\/mah.ro\/hun\/wp-content\/uploads\/Produse-Ursus.jpg","type":"image\/jpeg"}],"twitter_card":"summary_large_image","twitter_misc":{"Timp estimat pentru citire":"1 minut"},"schema":{"@context":"https:\/\/schema.org","@graph":[{"@type":"WebPage","@id":"https:\/\/mah.ro\/hun\/traktorok\/","url":"https:\/\/mah.ro\/hun\/traktorok\/","name":"Traktorok - MACOS &amp; HALL","isPartOf":{"@id":"https:\/\/mah.ro\/hun\/#website"},"primaryImageOfPage":{"@id":"https:\/\/mah.ro\/hun\/traktorok\/#primaryimage"},"image":{"@id":"https:\/\/mah.ro\/hun\/traktorok\/#primaryimage"},"thumbnailUrl":"https:\/\/mah.ro\/hun\/wp-content\/uploads\/Produse-Ursus.jpg","datePublished":"2016-06-13T14:52:47+00:00","dateModified":"2016-07-20T10:14:08+00:00","breadcrumb":{"@id":"https:\/\/mah.ro\/hun\/traktorok\/#breadcrumb"},"inLanguage":"ro-RO","potentialAction":[{"@type":"ReadAction","target":["https:\/\/mah.ro\/hun\/traktorok\/"]}]},{"@type":"ImageObject","inLanguage":"ro-RO","@id":"https:\/\/mah.ro\/hun\/traktorok\/#primaryimage","url":"https:\/\/mah.ro\/hun\/wp-content\/uploads\/Produse-Ursus.jpg","contentUrl":"https:\/\/mah.ro\/hun\/wp-content\/uploads\/Produse-Ursus.jpg","width":1600,"height":400},{"@type":"BreadcrumbList","@id":"https:\/\/mah.ro\/hun\/traktorok\/#breadcrumb","itemListElement":[{"@type":"ListItem","position":1,"name":"Home","item":"https:\/\/mah.ro\/hun\/"},{"@type":"ListItem","position":2,"name":"Traktorok"}]},{"@type":"WebSite","@id":"https:\/\/mah.ro\/hun\/#website","url":"https:\/\/mah.ro\/hun\/","name":"MACOS &amp; HALL","description":"Mez\u0151gazdas\u00e1gi g\u00e9pek nemzetk\u00f6zi forgalmaz\u00f3ja.","publisher":{"@id":"https:\/\/mah.ro\/hun\/#organization"},"potentialAction":[{"@type":"SearchAction","target":{"@type":"EntryPoint","urlTemplate":"https:\/\/mah.ro\/hun\/?s={search_term_string}"},"query-input":{"@type":"PropertyValueSpecification","valueRequired":true,"valueName":"search_term_string"}}],"inLanguage":"ro-RO"},{"@type":"Organization","@id":"https:\/\/mah.ro\/hun\/#organization","name":"MACOS & HALL","url":"https:\/\/mah.ro\/hun\/","logo":{"@type":"ImageObject","inLanguage":"ro-RO","@id":"https:\/\/mah.ro\/hun\/#\/schema\/logo\/image\/","url":"https:\/\/mah.ro\/hun\/wp-content\/uploads\/sigla-RED-Macos-Hall.jpg","contentUrl":"https:\/\/mah.ro\/hun\/wp-content\/uploads\/sigla-RED-Macos-Hall.jpg","width":1128,"height":178,"caption":"MACOS & HALL"},"image":{"@id":"https:\/\/mah.ro\/hun\/#\/schema\/logo\/image\/"}}]}},"_links":{"self":[{"href":"https:\/\/mah.ro\/hun\/wp-json\/wp\/v2\/pages\/507","targetHints":{"allow":["GET"]}}],"collection":[{"href":"https:\/\/mah.ro\/hun\/wp-json\/wp\/v2\/pages"}],"about":[{"href":"https:\/\/mah.ro\/hun\/wp-json\/wp\/v2\/types\/page"}],"author":[{"embeddable":true,"href":"https:\/\/mah.ro\/hun\/wp-json\/wp\/v2\/users\/1"}],"replies":[{"embeddable":true,"href":"https:\/\/mah.ro\/hun\/wp-json\/wp\/v2\/comments?post=507"}],"version-history":[{"count":0,"href":"https:\/\/mah.ro\/hun\/wp-json\/wp\/v2\/pages\/507\/revisions"}],"wp:featuredmedia":[{"embeddable":true,"href":"https:\/\/mah.ro\/hun\/wp-json\/wp\/v2\/media\/141"}],"wp:attachment":[{"href":"https:\/\/mah.ro\/hun\/wp-json\/wp\/v2\/media?parent=507"}],"curies":[{"name":"wp","href":"https:\/\/api.w.org\/{rel}","templated":true}]}}