{"id":22,"date":"2016-05-31T08:41:17","date_gmt":"2016-05-31T08:41:17","guid":{"rendered":"http:\/\/mah.ro\/hun\/?page_id=22"},"modified":"2016-11-06T07:15:44","modified_gmt":"2016-11-06T07:15:44","slug":"termekek","status":"publish","type":"page","link":"https:\/\/mah.ro\/hun\/termekek\/","title":{"rendered":"Term\u00e9kek"},"content":{"rendered":"<div class=\"product-container wow animated fadeInUp\">\n<div class=\"product-image\"><img loading=\"lazy\" decoding=\"async\" class=\"alignleft size-full wp-image-25\" src=\"http:\/\/mah.ro\/hun\/wp-content\/uploads\/tractoare.png\" alt=\"tractoare\" width=\"520\" height=\"348\" srcset=\"https:\/\/mah.ro\/hun\/wp-content\/uploads\/tractoare.png 520w, https:\/\/mah.ro\/hun\/wp-content\/uploads\/tractoare-300x201.png 300w\" sizes=\"auto, (max-width: 520px) 100vw, 520px\" \/><\/div>\n<div class=\"product-content border-right\">\n<h1>Traktorok<\/h1>\n<p>A folyamatosan n\u00f6vekv\u0151 k\u00e9r\u00e9seknek kiel\u00e9g\u00edt\u00e9s\u00e9re a kis \u00e9s k\u00f6zepes erej\u0171 traktorokra, a MACOS &amp; HALL KFT az \u00f6n\u00f6k sz\u00e1m\u00e1ra aj\u00e1nl 35 LE \u00e9s 148 LE k\u00f6z\u00f6tti erej\u0171 traktorokat.<\/p>\n<p><a class=\"btn-red\" title=\"Traktorok\" href=\"http:\/\/mah.ro\/hun\/traktorok\/\">L\u00c1SD A TERM\u00c9KEKET<\/a><\/p>\n<\/div>\n<\/div>\n<div class=\"product-container wow animated fadeInUp\">\n<div class=\"product-content border-left\">\n<h1>P\u00f3tkocsik<\/h1>\n<p>A MACOS &amp; HALL KFT import\u00e1l \u00e9s forgalmaz p\u00f3tkocsikat mez\u0151gazdas\u00e1gi tapasztalattal \u00e9s hagyom\u00e1nnyal rendelkez\u0151 gy\u00e1rt\u00f3kt\u00f3l. Ez hozza a rom\u00e1niai piacra az egy, kett\u0151, h\u00e1rom \u00e9s tandem tengely\u0171 p\u00f3tkocsikat, \u00e9s a m\u0171tr\u00e1gyasz\u00f3r\u00f3kat 2 \u00e9s 23 tonna kapacit\u00e1ssal.<\/p>\n<p><a class=\"btn-red\" title=\"P\u00f3tkocsik\" href=\"http:\/\/mah.ro\/hun\/potkocsik\/\">L\u00c1SD A TERM\u00c9KEKET<\/a><\/p>\n<\/div>\n<div class=\"product-image\"><img loading=\"lazy\" decoding=\"async\" class=\"alignleft size-full wp-image-25\" src=\"http:\/\/mah.ro\/hun\/wp-content\/uploads\/Remorci.jpg\" alt=\"remorci\" width=\"520\" height=\"348\" \/><\/div>\n<\/div>\n<div class=\"product-container wow animated fadeInUp\">\n<div class=\"product-image\"><img loading=\"lazy\" decoding=\"async\" class=\"alignleft size-full wp-image-25\" src=\"http:\/\/mah.ro\/hun\/wp-content\/uploads\/Motocultoare.jpg\" alt=\"tractoare\" width=\"520\" height=\"348\" \/><\/div>\n<div class=\"product-content border-right\">\n<h1>Motoros sz\u00e1nt\u00f3k<\/h1>\n<p>MACOS &amp; HALL KFT bemutatja a k\u00e9tkerek\u0171 traktorokat (motoros sz\u00e1nt\u00f3), motoros ek\u00e9ket (\u00e1s\u00f3kat), motoros kasz\u00e1l\u00f3kat, sokf\u00e9le opcion\u00e1lis kieg\u00e9sz\u00edt\u0151kkel, amelyek lehet\u0151v\u00e9 teszik a professzion\u00e1lis alkalmaz\u00e1st a mez\u0151gazdas\u00e1gban.<\/p>\n<p><a class=\"btn-red\" title=\"motoros-szantok\" href=\"http:\/\/mah.ro\/hun\/motoros-szantok\/\">L\u00c1SD A TERM\u00c9KEKET<\/a><\/p>\n<\/div>\n<\/div>\n<div class=\"product-container wow animated fadeInUp\">\n<div class=\"product-content border-left\">\n<h1>Talaj szersz\u00e1mok<\/h1>\n<p>A MACOS &amp; HALL KFT bemutatja az \u00faj term\u00e9keit: f\u00f6ldgyalu, t\u00e1rcsa, vet\u0151g\u00e9p, kasz\u00e1k, gerebly\u00e9k, apr\u00edt\u00f3k stb.<\/p>\n<p><a class=\"btn-red\" title=\"Talaj szersz\u00e1mok\" href=\"http:\/\/mah.ro\/hun\/talaj-szerszamok\/\">L\u00c1SD A TERM\u00c9KEKET<\/a><\/p>\n<\/div>\n<div class=\"product-image\"><img loading=\"lazy\" decoding=\"async\" class=\"alignleft size-full wp-image-25\" src=\"http:\/\/mah.ro\/hun\/wp-content\/uploads\/unelte-sol.jpg\" alt=\"tractoare\" width=\"520\" height=\"348\" \/><\/div>\n<\/div>\n<div class=\"product-container wow animated fadeInUp\">\n<div class=\"product-image\"><img loading=\"lazy\" decoding=\"async\" class=\"alignleft size-full wp-image-25\" src=\"http:\/\/mah.ro\/hun\/wp-content\/uploads\/GospodarireComunala.jpg\" alt=\"tractoare\" width=\"520\" height=\"348\" \/><\/div>\n<div class=\"product-content border-right\">\n<h1>\u00d6nkorm\u00e1nyzati szolg\u00e1ltat\u00e1sok<\/h1>\n<p>A MACOS&amp;HALL KFT forgalmaz \u00e9s sz\u00e9toszt Eur\u00f3p\u00e1ban gy\u00e1rtott felszerel\u00e9seket \u00f6nkorm\u00e1nyzati szolg\u00e1ltat\u00e1sokra, tapasztalattal \u00e9s hagyom\u00e1nnyal rendelkez\u0151 gy\u00e1rt\u00f3kt\u00f3l.<\/p>\n<p><a class=\"btn-red\" title=\"\u00d6nkorm\u00e1nyzati szolg\u00e1ltat\u00e1sok\" href=\"http:\/\/mah.ro\/hun\/onkormanyzati-szolgaltatasok\/\">L\u00c1SD A TERM\u00c9KEKET<\/a><\/p>\n<\/div>\n<\/div>\n<div class=\"product-container wow animated fadeInUp\">\n<div class=\"product-content border-left\">\n<h1>Els\u0151 rakod\u00f3k<\/h1>\n<p>T\u00f6bb \u00e9ves tapasztalattal rendelkezve az URSUS a MACOS&amp;HALL KFT-\u00e9n kereszt\u00fcl az egyik legfontosabb forgalmaz\u00f3ja az els\u0151 rakod\u00f3knak.<\/p>\n<p><a class=\"btn-red\" title=\"Els\u0151 rakod\u00f3k\" href=\"http:\/\/mah.ro\/hun\/elso-rakodok\/\">L\u00c1SD A TERM\u00c9KEKET<\/a><\/p>\n<\/div>\n<div class=\"product-image\"><img loading=\"lazy\" decoding=\"async\" class=\"alignleft size-full wp-image-25\" src=\"http:\/\/mah.ro\/hun\/wp-content\/uploads\/incarcator.jpg\" alt=\"tractoare\" width=\"520\" height=\"348\" \/><\/div>\n<\/div>\n<div class=\"product-container wow animated fadeInUp\">\n<div class=\"product-image\"><img loading=\"lazy\" decoding=\"async\" class=\"alignleft size-full wp-image-25\" src=\"http:\/\/mah.ro\/wp\/wp-content\/uploads\/constructii1.jpg\" alt=\"tractoare\" width=\"520\" height=\"348\" \/><\/div>\n<div class=\"product-content border-right\">\n<h1>\u00c9pitkez\u00e9si \u00e9s multifunkcion\u00e1lis felszerel\u00e9sek<\/h1>\n<p>Tapasztalattal \u00e9s hagyom\u00e1nnyal rendelkez\u0151 gy\u00e1rt\u00f3kt\u00f3l, Eur\u00f3p\u00e1ban gy\u00e1rtott felszerel\u00e9sek \u00e9s mez\u0151gazdas\u00e1gi g\u00e9pek.<\/p>\n<p><a class=\"btn-red\" title=\"\u00c9P\u00cdTKEZ\u00c9SI \u00c9S MULTIFUNKCION\u00c1LIS FELSZEREL\u00c9SEK\" href=\"http:\/\/mah.ro\/hun\/multifunkcionalis\/\">L\u00c1SD A TERM\u00c9KEKET<\/a>\n<\/div>\n<\/div>\n<div class=\"product-container wow animated fadeInUp\">\n<div class=\"product-content border-left\">\n<h1>Szippant\u00f3k<\/h1>\n<p>A MACOS&amp;HALL KFT \u00e1ltal forgalmazott szippant\u00f3k , hagyom\u00e1nnyal rendelkez\u0151 termel\u0151kt\u0151l vannak gy\u00e1rtva. A klienseinkre n\u00e9zve vigy\u00e1zunk a j\u00f3 munk\u00e1ra val\u00f3 garanci\u00e1ra.<\/p>\n<p><a class=\"btn-red\" title=\"Szippant\u00f3k\" href=\"http:\/\/mah.ro\/hun\/szippantok\/\">L\u00c1SD A TERM\u00c9KEKET<\/a><\/p>\n<\/div>\n<div class=\"product-image\"><img loading=\"lazy\" decoding=\"async\" class=\"alignleft size-full wp-image-25\" src=\"http:\/\/mah.ro\/hun\/wp-content\/uploads\/Vidanje.jpg\" alt=\"tractoare\" width=\"520\" height=\"348\" \/><\/div>\n<\/div>\n<div class=\"product-container wow animated fadeInUp\">\n<div class=\"product-image\"><img loading=\"lazy\" decoding=\"async\" class=\"alignleft size-full wp-image-25\" src=\"http:\/\/mah.ro\/hun\/wp-content\/uploads\/echipamente-deszapezire.jpg\" alt=\"tractoare\" width=\"520\" height=\"348\" \/><\/div>\n<div class=\"product-content border-right\">\n<h1>H\u00f3eltakar\u00edt\u00e1si felszerel\u00e9sek<\/h1>\n<p>A MACOS&amp;HALL KFT forgalmaz modern h\u00f3eltakar\u00edt\u00f3 g\u00e9peket az aut\u00f3p\u00e1ly\u00e1kra \u00e9s k\u00f6zutakra, eur\u00f3pai Uni\u00f3s magas szint\u0171 standard \u00e9s minden norm\u00e1t betartva gy\u00e1rtott felszerel\u00e9seket.<\/p>\n<p><a class=\"btn-red\" title=\"H\u00f3eltakar\u00edt\u00e1si felszerel\u00e9seke\" href=\"http:\/\/mah.ro\/hun\/hoeltakaritasi-felszerelesek\/\">L\u00c1SD A TERM\u00c9KEKET<\/a><\/p>\n<\/div>\n<\/div>\n<div class=\"product-container wow animated fadeInUp\">\n<div class=\"product-content border-left\">\n<h1>Permetez\u0151 \u00e9s porlaszt\u00f3g\u00e9pek<\/h1>\n<p>A MACOS&amp;HALL KFT \u00e1ltal forgalmazott permetez\u0151 \u00e9s porlaszt\u00f3g\u00e9pek nagy tapasztalattal \u00e9s hagyom\u00e1nnyal rendelkez\u0151 gy\u00e1rt\u00f3kt\u00f3l, sz\u00e9les k\u00f6r\u0171 opcion\u00e1lis felszerel\u00e9sek kieg\u00e9sz\u00edt\u00e9s\u00e9vel ami el\u0151seg\u00edti a magas szint\u0171 haszn\u00e1latot a mez\u0151gazdas\u00e1gban.<\/p>\n<p><a class=\"btn-red\" title=\"Szippant\u00f3k\" href=\"http:\/\/mah.ro\/hun\/permetezo\/\">L\u00c1SD A TERM\u00c9KEKET<\/a><\/p>\n<\/div>\n<div class=\"product-image\"><img loading=\"lazy\" decoding=\"async\" class=\"alignleft size-full wp-image-25\" src=\"http:\/\/mah.ro\/wp\/wp-content\/uploads\/np80010001200ensmall.jpg\" alt=\"tractoare\" width=\"520\" height=\"348\" \/><\/div>\n<\/div>\n<div class=\"product-container wow animated fadeInUp\">\n<div class=\"product-image\"><img loading=\"lazy\" decoding=\"async\" class=\"alignleft size-full wp-image-25\" src=\"http:\/\/mah.ro\/hun\/wp-content\/uploads\/Fan-iarba.jpg\" alt=\"tractoare\" width=\"520\" height=\"348\" \/><\/div>\n<div class=\"product-content border-right\">\n<h1>Sz\u00e9na, szalma \u00e9s takarm\u00e1ny felszerel\u00e9sek<\/h1>\n<p>A MACOS&amp;HALL KFT forgalmaz \u00e9s sz\u00e9toszt Eur\u00f3p\u00e1ban gy\u00e1rtott mez\u0151gazdas\u00e1gi felszerel\u00e9seket \u00e9s g\u00e9peket, tapasztalattal \u00e9s hagyom\u00e1nnyal rendelkez\u0151 gy\u00e1rt\u00f3kt\u00f3l.<\/p>\n<p><a class=\"btn-red\" title=\"Sz\u00e9na, szalma \u00e9s takarm\u00e1ny felszerel\u00e9sek\" href=\"http:\/\/mah.ro\/hun\/szena-szalma-takarmany\/\">L\u00c1SD A TERM\u00c9KEKET<\/a><\/p>\n<\/div>\n<\/div>\n","protected":false},"excerpt":{"rendered":"<p>MACOS &#038; HALL kft a k\u00f6vetkez\u0151 g\u00e9peket forgalmazza: mez\u0151gazdas\u00e1gi traktorokat, sz\u00e1ll\u00edt\u00f3 p\u00f3tkocsikat, b\u00e1l\u00e1z\u00f3kat, b\u00e1l\u00e1kat bef\u00f3li\u00e1z\u00f3 g\u00e9peket, b\u00e1l\u00e1nak val\u00f3 p\u00f3tkocsikat, szemetet sz\u00e9tsz\u00f3r\u00f3 p\u00f3tkocsikat, ny\u00edr\u00f3kat, gerebly\u00e9ket, szippant\u00f3kat, front\u00e1lis rakod\u00f3kat, kotr\u00f3kat, ek\u00e9ket, h\u00f3eltakar\u00edt\u00f3 peng\u00e9ket, brikett gy\u00e1rt\u00f3 g\u00e9peket \u00e9s m\u00e1s eszk\u00f6z\u00f6ket traktorokhoz.<\/p>\n","protected":false},"author":1,"featured_media":19,"parent":0,"menu_order":0,"comment_status":"closed","ping_status":"closed","template":"","meta":{"footnotes":""},"class_list":["post-22","page","type-page","status-publish","has-post-thumbnail","hentry"],"yoast_head":"<!-- This site is optimized with the Yoast SEO plugin v27.5 - https:\/\/yoast.com\/product\/yoast-seo-wordpress\/ -->\n<title>Term\u00e9kek - MACOS &amp; HALL<\/title>\n<meta name=\"robots\" content=\"index, follow, max-snippet:-1, max-image-preview:large, max-video-preview:-1\" \/>\n<link rel=\"canonical\" href=\"https:\/\/mah.ro\/hun\/termekek\/\" \/>\n<meta property=\"og:locale\" content=\"ro_RO\" \/>\n<meta property=\"og:type\" content=\"article\" \/>\n<meta property=\"og:title\" content=\"Term\u00e9kek - MACOS &amp; HALL\" \/>\n<meta property=\"og:description\" content=\"MACOS &amp; HALL kft a k\u00f6vetkez\u0151 g\u00e9peket forgalmazza: mez\u0151gazdas\u00e1gi traktorokat, sz\u00e1ll\u00edt\u00f3 p\u00f3tkocsikat, b\u00e1l\u00e1z\u00f3kat, b\u00e1l\u00e1kat bef\u00f3li\u00e1z\u00f3 g\u00e9peket, b\u00e1l\u00e1nak val\u00f3 p\u00f3tkocsikat, szemetet sz\u00e9tsz\u00f3r\u00f3 p\u00f3tkocsikat, ny\u00edr\u00f3kat, gerebly\u00e9ket, szippant\u00f3kat, front\u00e1lis rakod\u00f3kat, kotr\u00f3kat, ek\u00e9ket, h\u00f3eltakar\u00edt\u00f3 peng\u00e9ket, brikett gy\u00e1rt\u00f3 g\u00e9peket \u00e9s m\u00e1s eszk\u00f6z\u00f6ket traktorokhoz.\" \/>\n<meta property=\"og:url\" content=\"https:\/\/mah.ro\/hun\/termekek\/\" \/>\n<meta property=\"og:site_name\" content=\"MACOS &amp; HALL\" \/>\n<meta property=\"article:modified_time\" content=\"2016-11-06T07:15:44+00:00\" \/>\n<meta property=\"og:image\" content=\"https:\/\/mah.ro\/hun\/wp-content\/uploads\/header-background.jpg\" \/>\n\t<meta property=\"og:image:width\" content=\"1600\" \/>\n\t<meta property=\"og:image:height\" content=\"400\" \/>\n\t<meta property=\"og:image:type\" content=\"image\/jpeg\" \/>\n<meta name=\"twitter:card\" content=\"summary_large_image\" \/>\n<meta name=\"twitter:label1\" content=\"Timp estimat pentru citire\" \/>\n\t<meta name=\"twitter:data1\" content=\"2 minute\" \/>\n<script type=\"application\/ld+json\" class=\"yoast-schema-graph\">{\"@context\":\"https:\\\/\\\/schema.org\",\"@graph\":[{\"@type\":\"WebPage\",\"@id\":\"https:\\\/\\\/mah.ro\\\/hun\\\/termekek\\\/\",\"url\":\"https:\\\/\\\/mah.ro\\\/hun\\\/termekek\\\/\",\"name\":\"Term\u00e9kek - MACOS &amp; HALL\",\"isPartOf\":{\"@id\":\"https:\\\/\\\/mah.ro\\\/hun\\\/#website\"},\"primaryImageOfPage\":{\"@id\":\"https:\\\/\\\/mah.ro\\\/hun\\\/termekek\\\/#primaryimage\"},\"image\":{\"@id\":\"https:\\\/\\\/mah.ro\\\/hun\\\/termekek\\\/#primaryimage\"},\"thumbnailUrl\":\"https:\\\/\\\/mah.ro\\\/hun\\\/wp-content\\\/uploads\\\/header-background.jpg\",\"datePublished\":\"2016-05-31T08:41:17+00:00\",\"dateModified\":\"2016-11-06T07:15:44+00:00\",\"breadcrumb\":{\"@id\":\"https:\\\/\\\/mah.ro\\\/hun\\\/termekek\\\/#breadcrumb\"},\"inLanguage\":\"ro-RO\",\"potentialAction\":[{\"@type\":\"ReadAction\",\"target\":[\"https:\\\/\\\/mah.ro\\\/hun\\\/termekek\\\/\"]}]},{\"@type\":\"ImageObject\",\"inLanguage\":\"ro-RO\",\"@id\":\"https:\\\/\\\/mah.ro\\\/hun\\\/termekek\\\/#primaryimage\",\"url\":\"https:\\\/\\\/mah.ro\\\/hun\\\/wp-content\\\/uploads\\\/header-background.jpg\",\"contentUrl\":\"https:\\\/\\\/mah.ro\\\/hun\\\/wp-content\\\/uploads\\\/header-background.jpg\",\"width\":1600,\"height\":400},{\"@type\":\"BreadcrumbList\",\"@id\":\"https:\\\/\\\/mah.ro\\\/hun\\\/termekek\\\/#breadcrumb\",\"itemListElement\":[{\"@type\":\"ListItem\",\"position\":1,\"name\":\"Home\",\"item\":\"https:\\\/\\\/mah.ro\\\/hun\\\/\"},{\"@type\":\"ListItem\",\"position\":2,\"name\":\"Term\u00e9kek\"}]},{\"@type\":\"WebSite\",\"@id\":\"https:\\\/\\\/mah.ro\\\/hun\\\/#website\",\"url\":\"https:\\\/\\\/mah.ro\\\/hun\\\/\",\"name\":\"MACOS &amp; HALL\",\"description\":\"Mez\u0151gazdas\u00e1gi g\u00e9pek nemzetk\u00f6zi forgalmaz\u00f3ja.\",\"publisher\":{\"@id\":\"https:\\\/\\\/mah.ro\\\/hun\\\/#organization\"},\"potentialAction\":[{\"@type\":\"SearchAction\",\"target\":{\"@type\":\"EntryPoint\",\"urlTemplate\":\"https:\\\/\\\/mah.ro\\\/hun\\\/?s={search_term_string}\"},\"query-input\":{\"@type\":\"PropertyValueSpecification\",\"valueRequired\":true,\"valueName\":\"search_term_string\"}}],\"inLanguage\":\"ro-RO\"},{\"@type\":\"Organization\",\"@id\":\"https:\\\/\\\/mah.ro\\\/hun\\\/#organization\",\"name\":\"MACOS & HALL\",\"url\":\"https:\\\/\\\/mah.ro\\\/hun\\\/\",\"logo\":{\"@type\":\"ImageObject\",\"inLanguage\":\"ro-RO\",\"@id\":\"https:\\\/\\\/mah.ro\\\/hun\\\/#\\\/schema\\\/logo\\\/image\\\/\",\"url\":\"https:\\\/\\\/mah.ro\\\/hun\\\/wp-content\\\/uploads\\\/sigla-RED-Macos-Hall.jpg\",\"contentUrl\":\"https:\\\/\\\/mah.ro\\\/hun\\\/wp-content\\\/uploads\\\/sigla-RED-Macos-Hall.jpg\",\"width\":1128,\"height\":178,\"caption\":\"MACOS & HALL\"},\"image\":{\"@id\":\"https:\\\/\\\/mah.ro\\\/hun\\\/#\\\/schema\\\/logo\\\/image\\\/\"}}]}<\/script>\n<!-- \/ Yoast SEO plugin. -->","yoast_head_json":{"title":"Term\u00e9kek - MACOS &amp; HALL","robots":{"index":"index","follow":"follow","max-snippet":"max-snippet:-1","max-image-preview":"max-image-preview:large","max-video-preview":"max-video-preview:-1"},"canonical":"https:\/\/mah.ro\/hun\/termekek\/","og_locale":"ro_RO","og_type":"article","og_title":"Term\u00e9kek - MACOS &amp; HALL","og_description":"MACOS & HALL kft a k\u00f6vetkez\u0151 g\u00e9peket forgalmazza: mez\u0151gazdas\u00e1gi traktorokat, sz\u00e1ll\u00edt\u00f3 p\u00f3tkocsikat, b\u00e1l\u00e1z\u00f3kat, b\u00e1l\u00e1kat bef\u00f3li\u00e1z\u00f3 g\u00e9peket, b\u00e1l\u00e1nak val\u00f3 p\u00f3tkocsikat, szemetet sz\u00e9tsz\u00f3r\u00f3 p\u00f3tkocsikat, ny\u00edr\u00f3kat, gerebly\u00e9ket, szippant\u00f3kat, front\u00e1lis rakod\u00f3kat, kotr\u00f3kat, ek\u00e9ket, h\u00f3eltakar\u00edt\u00f3 peng\u00e9ket, brikett gy\u00e1rt\u00f3 g\u00e9peket \u00e9s m\u00e1s eszk\u00f6z\u00f6ket traktorokhoz.","og_url":"https:\/\/mah.ro\/hun\/termekek\/","og_site_name":"MACOS &amp; HALL","article_modified_time":"2016-11-06T07:15:44+00:00","og_image":[{"width":1600,"height":400,"url":"https:\/\/mah.ro\/hun\/wp-content\/uploads\/header-background.jpg","type":"image\/jpeg"}],"twitter_card":"summary_large_image","twitter_misc":{"Timp estimat pentru citire":"2 minute"},"schema":{"@context":"https:\/\/schema.org","@graph":[{"@type":"WebPage","@id":"https:\/\/mah.ro\/hun\/termekek\/","url":"https:\/\/mah.ro\/hun\/termekek\/","name":"Term\u00e9kek - MACOS &amp; HALL","isPartOf":{"@id":"https:\/\/mah.ro\/hun\/#website"},"primaryImageOfPage":{"@id":"https:\/\/mah.ro\/hun\/termekek\/#primaryimage"},"image":{"@id":"https:\/\/mah.ro\/hun\/termekek\/#primaryimage"},"thumbnailUrl":"https:\/\/mah.ro\/hun\/wp-content\/uploads\/header-background.jpg","datePublished":"2016-05-31T08:41:17+00:00","dateModified":"2016-11-06T07:15:44+00:00","breadcrumb":{"@id":"https:\/\/mah.ro\/hun\/termekek\/#breadcrumb"},"inLanguage":"ro-RO","potentialAction":[{"@type":"ReadAction","target":["https:\/\/mah.ro\/hun\/termekek\/"]}]},{"@type":"ImageObject","inLanguage":"ro-RO","@id":"https:\/\/mah.ro\/hun\/termekek\/#primaryimage","url":"https:\/\/mah.ro\/hun\/wp-content\/uploads\/header-background.jpg","contentUrl":"https:\/\/mah.ro\/hun\/wp-content\/uploads\/header-background.jpg","width":1600,"height":400},{"@type":"BreadcrumbList","@id":"https:\/\/mah.ro\/hun\/termekek\/#breadcrumb","itemListElement":[{"@type":"ListItem","position":1,"name":"Home","item":"https:\/\/mah.ro\/hun\/"},{"@type":"ListItem","position":2,"name":"Term\u00e9kek"}]},{"@type":"WebSite","@id":"https:\/\/mah.ro\/hun\/#website","url":"https:\/\/mah.ro\/hun\/","name":"MACOS &amp; HALL","description":"Mez\u0151gazdas\u00e1gi g\u00e9pek nemzetk\u00f6zi forgalmaz\u00f3ja.","publisher":{"@id":"https:\/\/mah.ro\/hun\/#organization"},"potentialAction":[{"@type":"SearchAction","target":{"@type":"EntryPoint","urlTemplate":"https:\/\/mah.ro\/hun\/?s={search_term_string}"},"query-input":{"@type":"PropertyValueSpecification","valueRequired":true,"valueName":"search_term_string"}}],"inLanguage":"ro-RO"},{"@type":"Organization","@id":"https:\/\/mah.ro\/hun\/#organization","name":"MACOS & HALL","url":"https:\/\/mah.ro\/hun\/","logo":{"@type":"ImageObject","inLanguage":"ro-RO","@id":"https:\/\/mah.ro\/hun\/#\/schema\/logo\/image\/","url":"https:\/\/mah.ro\/hun\/wp-content\/uploads\/sigla-RED-Macos-Hall.jpg","contentUrl":"https:\/\/mah.ro\/hun\/wp-content\/uploads\/sigla-RED-Macos-Hall.jpg","width":1128,"height":178,"caption":"MACOS & HALL"},"image":{"@id":"https:\/\/mah.ro\/hun\/#\/schema\/logo\/image\/"}}]}},"_links":{"self":[{"href":"https:\/\/mah.ro\/hun\/wp-json\/wp\/v2\/pages\/22","targetHints":{"allow":["GET"]}}],"collection":[{"href":"https:\/\/mah.ro\/hun\/wp-json\/wp\/v2\/pages"}],"about":[{"href":"https:\/\/mah.ro\/hun\/wp-json\/wp\/v2\/types\/page"}],"author":[{"embeddable":true,"href":"https:\/\/mah.ro\/hun\/wp-json\/wp\/v2\/users\/1"}],"replies":[{"embeddable":true,"href":"https:\/\/mah.ro\/hun\/wp-json\/wp\/v2\/comments?post=22"}],"version-history":[{"count":0,"href":"https:\/\/mah.ro\/hun\/wp-json\/wp\/v2\/pages\/22\/revisions"}],"wp:featuredmedia":[{"embeddable":true,"href":"https:\/\/mah.ro\/hun\/wp-json\/wp\/v2\/media\/19"}],"wp:attachment":[{"href":"https:\/\/mah.ro\/hun\/wp-json\/wp\/v2\/media?parent=22"}],"curies":[{"name":"wp","href":"https:\/\/api.w.org\/{rel}","templated":true}]}}