{"id":2,"date":"2016-05-25T12:54:32","date_gmt":"2016-05-25T12:54:32","guid":{"rendered":"http:\/\/mah.ro\/hun\/?page_id=2"},"modified":"2016-08-03T05:55:45","modified_gmt":"2016-08-03T05:55:45","slug":"contact","status":"publish","type":"page","link":"https:\/\/mah.ro\/hun\/contact\/","title":{"rendered":"Kapcsolat"},"content":{"rendered":"<div class=\"section group\">\n<div class=\"col span_4_of_12\">\n<p><strong>MACOS &amp; HALL Kft.<\/strong><br \/>\n5800 Mez\u0151kov\u00e1csh\u00e1za, Arp\u00e1d utca 272,<br \/>\nMagyarorsz\u00e1g<br \/>\noffice@mah.ro, www.mah.ro\/hun<br \/>\nTelefonsz\u00e1m: +36 212 525 878<\/p>\n<p><strong>MACOS &amp; HALL s.r.l.<\/strong><br \/>\nMartir \u0218tefan Mari\u0219 utca, szam 3,<br \/>\nRO-300740, Temesv\u00e1r, Rom\u00e1nia<br \/>\noffice@mah.ro, www.mah.ro<br \/>\nTelefonsz\u00e1m: +36 212 525 878<br \/>\nMobil: +40 742 603 588<br \/>\nMobil: +40 722 277 302<\/p>\n<\/div>\n<\/div>\n<p>&nbsp;<\/p>\n","protected":false},"excerpt":{"rendered":"<p>5800 Mez\u0151kov\u00e1csh\u00e1za, Arp\u00e1d utca 272,<br \/>\nMagyarorsz\u00e1g<\/p>\n","protected":false},"author":1,"featured_media":115,"parent":0,"menu_order":0,"comment_status":"closed","ping_status":"open","template":"","meta":{"footnotes":""},"class_list":["post-2","page","type-page","status-publish","has-post-thumbnail","hentry"],"yoast_head":"<!-- This site is optimized with the Yoast SEO plugin v27.5 - https:\/\/yoast.com\/product\/yoast-seo-wordpress\/ -->\n<title>Kapcsolat - MACOS &amp; HALL<\/title>\n<meta name=\"robots\" content=\"index, follow, max-snippet:-1, max-image-preview:large, max-video-preview:-1\" \/>\n<link rel=\"canonical\" href=\"https:\/\/mah.ro\/hun\/contact\/\" \/>\n<meta property=\"og:locale\" content=\"ro_RO\" \/>\n<meta property=\"og:type\" content=\"article\" \/>\n<meta property=\"og:title\" content=\"Kapcsolat - MACOS &amp; HALL\" \/>\n<meta property=\"og:description\" content=\"5800 Mez\u0151kov\u00e1csh\u00e1za, Arp\u00e1d utca 272, Magyarorsz\u00e1g\" \/>\n<meta property=\"og:url\" content=\"https:\/\/mah.ro\/hun\/contact\/\" \/>\n<meta property=\"og:site_name\" content=\"MACOS &amp; HALL\" \/>\n<meta property=\"article:modified_time\" content=\"2016-08-03T05:55:45+00:00\" \/>\n<meta property=\"og:image\" content=\"https:\/\/mah.ro\/hun\/wp-content\/uploads\/contact-background.jpg\" \/>\n\t<meta property=\"og:image:width\" content=\"1600\" \/>\n\t<meta property=\"og:image:height\" content=\"400\" \/>\n\t<meta property=\"og:image:type\" content=\"image\/jpeg\" \/>\n<meta name=\"twitter:card\" content=\"summary_large_image\" \/>\n<script type=\"application\/ld+json\" class=\"yoast-schema-graph\">{\"@context\":\"https:\\\/\\\/schema.org\",\"@graph\":[{\"@type\":\"WebPage\",\"@id\":\"https:\\\/\\\/mah.ro\\\/hun\\\/contact\\\/\",\"url\":\"https:\\\/\\\/mah.ro\\\/hun\\\/contact\\\/\",\"name\":\"Kapcsolat - MACOS &amp; HALL\",\"isPartOf\":{\"@id\":\"https:\\\/\\\/mah.ro\\\/hun\\\/#website\"},\"primaryImageOfPage\":{\"@id\":\"https:\\\/\\\/mah.ro\\\/hun\\\/contact\\\/#primaryimage\"},\"image\":{\"@id\":\"https:\\\/\\\/mah.ro\\\/hun\\\/contact\\\/#primaryimage\"},\"thumbnailUrl\":\"https:\\\/\\\/mah.ro\\\/hun\\\/wp-content\\\/uploads\\\/contact-background.jpg\",\"datePublished\":\"2016-05-25T12:54:32+00:00\",\"dateModified\":\"2016-08-03T05:55:45+00:00\",\"breadcrumb\":{\"@id\":\"https:\\\/\\\/mah.ro\\\/hun\\\/contact\\\/#breadcrumb\"},\"inLanguage\":\"ro-RO\",\"potentialAction\":[{\"@type\":\"ReadAction\",\"target\":[\"https:\\\/\\\/mah.ro\\\/hun\\\/contact\\\/\"]}]},{\"@type\":\"ImageObject\",\"inLanguage\":\"ro-RO\",\"@id\":\"https:\\\/\\\/mah.ro\\\/hun\\\/contact\\\/#primaryimage\",\"url\":\"https:\\\/\\\/mah.ro\\\/hun\\\/wp-content\\\/uploads\\\/contact-background.jpg\",\"contentUrl\":\"https:\\\/\\\/mah.ro\\\/hun\\\/wp-content\\\/uploads\\\/contact-background.jpg\",\"width\":1600,\"height\":400},{\"@type\":\"BreadcrumbList\",\"@id\":\"https:\\\/\\\/mah.ro\\\/hun\\\/contact\\\/#breadcrumb\",\"itemListElement\":[{\"@type\":\"ListItem\",\"position\":1,\"name\":\"Home\",\"item\":\"https:\\\/\\\/mah.ro\\\/hun\\\/\"},{\"@type\":\"ListItem\",\"position\":2,\"name\":\"Kapcsolat\"}]},{\"@type\":\"WebSite\",\"@id\":\"https:\\\/\\\/mah.ro\\\/hun\\\/#website\",\"url\":\"https:\\\/\\\/mah.ro\\\/hun\\\/\",\"name\":\"MACOS &amp; HALL\",\"description\":\"Mez\u0151gazdas\u00e1gi g\u00e9pek nemzetk\u00f6zi forgalmaz\u00f3ja.\",\"publisher\":{\"@id\":\"https:\\\/\\\/mah.ro\\\/hun\\\/#organization\"},\"potentialAction\":[{\"@type\":\"SearchAction\",\"target\":{\"@type\":\"EntryPoint\",\"urlTemplate\":\"https:\\\/\\\/mah.ro\\\/hun\\\/?s={search_term_string}\"},\"query-input\":{\"@type\":\"PropertyValueSpecification\",\"valueRequired\":true,\"valueName\":\"search_term_string\"}}],\"inLanguage\":\"ro-RO\"},{\"@type\":\"Organization\",\"@id\":\"https:\\\/\\\/mah.ro\\\/hun\\\/#organization\",\"name\":\"MACOS & HALL\",\"url\":\"https:\\\/\\\/mah.ro\\\/hun\\\/\",\"logo\":{\"@type\":\"ImageObject\",\"inLanguage\":\"ro-RO\",\"@id\":\"https:\\\/\\\/mah.ro\\\/hun\\\/#\\\/schema\\\/logo\\\/image\\\/\",\"url\":\"https:\\\/\\\/mah.ro\\\/hun\\\/wp-content\\\/uploads\\\/sigla-RED-Macos-Hall.jpg\",\"contentUrl\":\"https:\\\/\\\/mah.ro\\\/hun\\\/wp-content\\\/uploads\\\/sigla-RED-Macos-Hall.jpg\",\"width\":1128,\"height\":178,\"caption\":\"MACOS & HALL\"},\"image\":{\"@id\":\"https:\\\/\\\/mah.ro\\\/hun\\\/#\\\/schema\\\/logo\\\/image\\\/\"}}]}<\/script>\n<!-- \/ Yoast SEO plugin. -->","yoast_head_json":{"title":"Kapcsolat - MACOS &amp; HALL","robots":{"index":"index","follow":"follow","max-snippet":"max-snippet:-1","max-image-preview":"max-image-preview:large","max-video-preview":"max-video-preview:-1"},"canonical":"https:\/\/mah.ro\/hun\/contact\/","og_locale":"ro_RO","og_type":"article","og_title":"Kapcsolat - MACOS &amp; HALL","og_description":"5800 Mez\u0151kov\u00e1csh\u00e1za, Arp\u00e1d utca 272, Magyarorsz\u00e1g","og_url":"https:\/\/mah.ro\/hun\/contact\/","og_site_name":"MACOS &amp; HALL","article_modified_time":"2016-08-03T05:55:45+00:00","og_image":[{"width":1600,"height":400,"url":"https:\/\/mah.ro\/hun\/wp-content\/uploads\/contact-background.jpg","type":"image\/jpeg"}],"twitter_card":"summary_large_image","schema":{"@context":"https:\/\/schema.org","@graph":[{"@type":"WebPage","@id":"https:\/\/mah.ro\/hun\/contact\/","url":"https:\/\/mah.ro\/hun\/contact\/","name":"Kapcsolat - MACOS &amp; HALL","isPartOf":{"@id":"https:\/\/mah.ro\/hun\/#website"},"primaryImageOfPage":{"@id":"https:\/\/mah.ro\/hun\/contact\/#primaryimage"},"image":{"@id":"https:\/\/mah.ro\/hun\/contact\/#primaryimage"},"thumbnailUrl":"https:\/\/mah.ro\/hun\/wp-content\/uploads\/contact-background.jpg","datePublished":"2016-05-25T12:54:32+00:00","dateModified":"2016-08-03T05:55:45+00:00","breadcrumb":{"@id":"https:\/\/mah.ro\/hun\/contact\/#breadcrumb"},"inLanguage":"ro-RO","potentialAction":[{"@type":"ReadAction","target":["https:\/\/mah.ro\/hun\/contact\/"]}]},{"@type":"ImageObject","inLanguage":"ro-RO","@id":"https:\/\/mah.ro\/hun\/contact\/#primaryimage","url":"https:\/\/mah.ro\/hun\/wp-content\/uploads\/contact-background.jpg","contentUrl":"https:\/\/mah.ro\/hun\/wp-content\/uploads\/contact-background.jpg","width":1600,"height":400},{"@type":"BreadcrumbList","@id":"https:\/\/mah.ro\/hun\/contact\/#breadcrumb","itemListElement":[{"@type":"ListItem","position":1,"name":"Home","item":"https:\/\/mah.ro\/hun\/"},{"@type":"ListItem","position":2,"name":"Kapcsolat"}]},{"@type":"WebSite","@id":"https:\/\/mah.ro\/hun\/#website","url":"https:\/\/mah.ro\/hun\/","name":"MACOS &amp; HALL","description":"Mez\u0151gazdas\u00e1gi g\u00e9pek nemzetk\u00f6zi forgalmaz\u00f3ja.","publisher":{"@id":"https:\/\/mah.ro\/hun\/#organization"},"potentialAction":[{"@type":"SearchAction","target":{"@type":"EntryPoint","urlTemplate":"https:\/\/mah.ro\/hun\/?s={search_term_string}"},"query-input":{"@type":"PropertyValueSpecification","valueRequired":true,"valueName":"search_term_string"}}],"inLanguage":"ro-RO"},{"@type":"Organization","@id":"https:\/\/mah.ro\/hun\/#organization","name":"MACOS & HALL","url":"https:\/\/mah.ro\/hun\/","logo":{"@type":"ImageObject","inLanguage":"ro-RO","@id":"https:\/\/mah.ro\/hun\/#\/schema\/logo\/image\/","url":"https:\/\/mah.ro\/hun\/wp-content\/uploads\/sigla-RED-Macos-Hall.jpg","contentUrl":"https:\/\/mah.ro\/hun\/wp-content\/uploads\/sigla-RED-Macos-Hall.jpg","width":1128,"height":178,"caption":"MACOS & HALL"},"image":{"@id":"https:\/\/mah.ro\/hun\/#\/schema\/logo\/image\/"}}]}},"_links":{"self":[{"href":"https:\/\/mah.ro\/hun\/wp-json\/wp\/v2\/pages\/2","targetHints":{"allow":["GET"]}}],"collection":[{"href":"https:\/\/mah.ro\/hun\/wp-json\/wp\/v2\/pages"}],"about":[{"href":"https:\/\/mah.ro\/hun\/wp-json\/wp\/v2\/types\/page"}],"author":[{"embeddable":true,"href":"https:\/\/mah.ro\/hun\/wp-json\/wp\/v2\/users\/1"}],"replies":[{"embeddable":true,"href":"https:\/\/mah.ro\/hun\/wp-json\/wp\/v2\/comments?post=2"}],"version-history":[{"count":0,"href":"https:\/\/mah.ro\/hun\/wp-json\/wp\/v2\/pages\/2\/revisions"}],"wp:featuredmedia":[{"embeddable":true,"href":"https:\/\/mah.ro\/hun\/wp-json\/wp\/v2\/media\/115"}],"wp:attachment":[{"href":"https:\/\/mah.ro\/hun\/wp-json\/wp\/v2\/media?parent=2"}],"curies":[{"name":"wp","href":"https:\/\/api.w.org\/{rel}","templated":true}]}}